{"id":18,"date":"2025-01-08T00:50:23","date_gmt":"2025-01-08T00:50:23","guid":{"rendered":"https:\/\/www.softgeltest.com\/?page_id=18"},"modified":"2025-01-21T05:35:37","modified_gmt":"2025-01-21T05:35:37","slug":"contact","status":"publish","type":"page","link":"https:\/\/www.softgeltest.com\/gl\/contact","title":{"rendered":"Contacta connosco"},"content":{"rendered":"<div data-elementor-type=\"wp-page\" data-elementor-id=\"18\" class=\"elementor elementor-18\" data-elementor-post-type=\"page\">\n\t\t\t\t<div class=\"elementor-element elementor-element-687a89c3 e-con-full e-flex e-con e-parent\" data-id=\"687a89c3\" data-element_type=\"container\" data-settings=\"{&quot;background_background&quot;:&quot;classic&quot;}\">\n\t\t<div class=\"elementor-element elementor-element-5d406b18 e-con-full e-flex e-con e-child\" data-id=\"5d406b18\" data-element_type=\"container\" data-settings=\"{&quot;background_background&quot;:&quot;classic&quot;}\">\n\t\t<div class=\"elementor-element elementor-element-acb4f3c e-con-full e-flex e-con e-child\" data-id=\"acb4f3c\" data-element_type=\"container\">\n\t\t\t\t<div class=\"elementor-element elementor-element-2efefc50 elementor-widget elementor-widget-heading\" data-id=\"2efefc50\" data-element_type=\"widget\" data-widget_type=\"heading.default\">\n\t\t\t\t<div class=\"elementor-widget-container\">\n\t\t\t\t\t<h1 class=\"elementor-heading-title elementor-size-default\">Estamos aqu\u00ed para axudarche! Ch\u00e1manos para unha consulta gratu\u00edta.<\/h1>\t\t\t\t<\/div>\n\t\t\t\t<\/div>\n\t\t\t\t<div class=\"elementor-element elementor-element-77bb5548 elementor-widget__width-initial elementor-invisible elementor-widget elementor-widget-text-editor\" data-id=\"77bb5548\" data-element_type=\"widget\" data-settings=\"{&quot;_animation&quot;:&quot;fadeInDown&quot;}\" data-widget_type=\"text-editor.default\">\n\t\t\t\t<div class=\"elementor-widget-container\">\n\t\t\t\t\t\t\t\t\t<p>En Cell Instruments, comprom\u00e9monos a ofrecerche as mellores soluci\u00f3ns para as t\u00faas necesidades de proba de xel. Se tes preguntas sobre os nosos produtos, necesitas asistencia t\u00e9cnica ou queres discutir os teus requisitos de proba, o noso equipo est\u00e1 aqu\u00ed para axudarte.<\/p>\t\t\t\t\t\t\t\t<\/div>\n\t\t\t\t<\/div>\n\t\t\t\t<\/div>\n\t\t<div class=\"elementor-element elementor-element-1b956c00 e-con-full e-flex e-con e-child\" data-id=\"1b956c00\" data-element_type=\"container\">\n\t\t\t\t<div class=\"elementor-element elementor-element-625bdaf6 elementor-widget__width-initial elementor-widget-mobile__width-inherit elementor-widget elementor-widget-icon-box\" data-id=\"625bdaf6\" data-element_type=\"widget\" data-widget_type=\"icon-box.default\">\n\t\t\t\t<div class=\"elementor-widget-container\">\n\t\t\t\t\t\t\t<div class=\"elementor-icon-box-wrapper\">\n\n\t\t\t\n\t\t\t\t\t\t<div class=\"elementor-icon-box-content\">\n\n\t\t\t\t\t\t\t\t\t<h3 class=\"elementor-icon-box-title\">\n\t\t\t\t\t\t<span  >\n\t\t\t\t\t\t\tA nosa localizaci\u00f3n\t\t\t\t\t\t<\/span>\n\t\t\t\t\t<\/h3>\n\t\t\t\t\n\t\t\t\t\t\t\t\t\t<p class=\"elementor-icon-box-description\">\n\t\t\t\t\t\tNo 5577, Gongyebei Rd. <br>Jinan 250109, China\t\t\t\t\t<\/p>\n\t\t\t\t\n\t\t\t<\/div>\n\t\t\t\n\t\t<\/div>\n\t\t\t\t\t\t<\/div>\n\t\t\t\t<\/div>\n\t\t\t\t<div class=\"elementor-element elementor-element-7f714bb2 elementor-widget__width-initial elementor-widget-mobile__width-inherit elementor-widget elementor-widget-icon-box\" data-id=\"7f714bb2\" data-element_type=\"widget\" data-widget_type=\"icon-box.default\">\n\t\t\t\t<div class=\"elementor-widget-container\">\n\t\t\t\t\t\t\t<div class=\"elementor-icon-box-wrapper\">\n\n\t\t\t\n\t\t\t\t\t\t<div class=\"elementor-icon-box-content\">\n\n\t\t\t\t\t\t\t\t\t<h3 class=\"elementor-icon-box-title\">\n\t\t\t\t\t\t<span  >\n\t\t\t\t\t\t\tP\u00f3\u00f1ase en contacto\t\t\t\t\t\t<\/span>\n\t\t\t\t\t<\/h3>\n\t\t\t\t\n\t\t\t\t\t\t\t\t\t<p class=\"elementor-icon-box-description\">\n\t\t\t\t\t\t+86 18560013985 yang@softgeltest.com<br>marketing@celtec.cn\t\t\t\t\t<\/p>\n\t\t\t\t\n\t\t\t<\/div>\n\t\t\t\n\t\t<\/div>\n\t\t\t\t\t\t<\/div>\n\t\t\t\t<\/div>\n\t\t\t\t<div class=\"elementor-element elementor-element-12f7b6f3 elementor-widget__width-initial elementor-widget-mobile__width-inherit elementor-widget elementor-widget-icon-box\" data-id=\"12f7b6f3\" data-element_type=\"widget\" data-widget_type=\"icon-box.default\">\n\t\t\t\t<div class=\"elementor-widget-container\">\n\t\t\t\t\t\t\t<div class=\"elementor-icon-box-wrapper\">\n\n\t\t\t\n\t\t\t\t\t\t<div class=\"elementor-icon-box-content\">\n\n\t\t\t\t\t\t\t\t\t<h3 class=\"elementor-icon-box-title\">\n\t\t\t\t\t\t<span  >\n\t\t\t\t\t\t\tHorario de apertura\t\t\t\t\t\t<\/span>\n\t\t\t\t\t<\/h3>\n\t\t\t\t\n\t\t\t\t\t\t\t\t\t<p class=\"elementor-icon-box-description\">\n\t\t\t\t\t\tLun-s\u00e1b: 8:00 am - 5 pm Soporte: 365*24*7\t\t\t\t\t<\/p>\n\t\t\t\t\n\t\t\t<\/div>\n\t\t\t\n\t\t<\/div>\n\t\t\t\t\t\t<\/div>\n\t\t\t\t<\/div>\n\t\t\t\t<\/div>\n\t\t\t\t<\/div>\n\t\t<div class=\"elementor-element elementor-element-2aca51fb e-con-full e-flex e-con e-child\" data-id=\"2aca51fb\" data-element_type=\"container\" data-settings=\"{&quot;background_background&quot;:&quot;classic&quot;}\">\n\t\t\t\t<\/div>\n\t\t\t\t<\/div>\n\t\t<div class=\"elementor-element elementor-element-609f1acf e-con-full e-flex e-con e-parent\" data-id=\"609f1acf\" data-element_type=\"container\">\n\t\t<div class=\"elementor-element elementor-element-399b1a02 e-con-full e-flex e-con e-child\" data-id=\"399b1a02\" data-element_type=\"container\" data-settings=\"{&quot;background_background&quot;:&quot;classic&quot;}\">\n\t\t\t\t<\/div>\n\t\t<div class=\"elementor-element elementor-element-f5918fc e-con-full e-flex e-con e-child\" data-id=\"f5918fc\" data-element_type=\"container\">\n\t\t\t\t<div class=\"elementor-element elementor-element-b93346b elementor-widget elementor-widget-heading\" data-id=\"b93346b\" data-element_type=\"widget\" data-widget_type=\"heading.default\">\n\t\t\t\t<div class=\"elementor-widget-container\">\n\t\t\t\t\t<span class=\"elementor-heading-title elementor-size-default\">vis\u00edtanos<\/span>\t\t\t\t<\/div>\n\t\t\t\t<\/div>\n\t\t<div class=\"elementor-element elementor-element-75a69aad e-con-full e-flex e-con e-child\" data-id=\"75a69aad\" data-element_type=\"container\">\n\t\t\t\t<div class=\"elementor-element elementor-element-94b6341 elementor-widget elementor-widget-heading\" data-id=\"94b6341\" data-element_type=\"widget\" data-widget_type=\"heading.default\">\n\t\t\t\t<div class=\"elementor-widget-container\">\n\t\t\t\t\t<h2 class=\"elementor-heading-title elementor-size-default\">Estamos situados en Jinan, China. Ven a visitarnos!\n<\/h2>\t\t\t\t<\/div>\n\t\t\t\t<\/div>\n\t\t\t\t<div class=\"elementor-element elementor-element-24aeecaf elementor-widget elementor-widget-text-editor\" data-id=\"24aeecaf\" data-element_type=\"widget\" data-widget_type=\"text-editor.default\">\n\t\t\t\t<div class=\"elementor-widget-container\">\n\t\t\t\t\t\t\t\t\t<p>Ven a visitarnos e experimenta as nosas soluci\u00f3ns de primeira man! O noso equipo estar\u00e1 encantado de ofrecerche un percorrido personalizado polas nosas instalaci\u00f3ns e discutir como podemos satisfacer as t\u00faas necesidades de proba de xel.<\/p>\t\t\t\t\t\t\t\t<\/div>\n\t\t\t\t<\/div>\n\t\t\t\t<\/div>\n\t\t\t\t<\/div>\n\t\t\t\t<\/div>\n\t\t\t\t<\/div>","protected":false},"excerpt":{"rendered":"<p>Estamos aqu\u00ed para axudarche! Ch\u00e1manos para unha consulta gratu\u00edta. En Cell Instruments, comprom\u00e9monos a ofrecerche as mellores soluci\u00f3ns para as t\u00faas necesidades de proba de xel. Se tes preguntas sobre os nosos produtos, necesitas asistencia t\u00e9cnica ou queres discutir os teus requisitos de proba, o noso equipo est\u00e1 aqu\u00ed para axudarche. A nosa localizaci\u00f3n [\u2026]<\/p>","protected":false},"author":1,"featured_media":0,"parent":0,"menu_order":0,"comment_status":"closed","ping_status":"closed","template":"elementor_header_footer","meta":{"footnotes":""},"class_list":["post-18","page","type-page","status-publish","hentry"],"yoast_head":"<!-- This site is optimized with the Yoast SEO plugin v24.2 - https:\/\/yoast.com\/wordpress\/plugins\/seo\/ -->\n<title>Contact Us - Softgel Test<\/title>\n<meta name=\"robots\" content=\"index, follow, max-snippet:-1, max-image-preview:large, max-video-preview:-1\" \/>\n<link rel=\"canonical\" href=\"https:\/\/www.softgeltest.com\/gl\/contact\/\" \/>\n<meta property=\"og:locale\" content=\"gl_ES\" \/>\n<meta property=\"og:type\" content=\"article\" \/>\n<meta property=\"og:title\" content=\"Contact Us - Softgel Test\" \/>\n<meta property=\"og:description\" content=\"We Are Here to Help You! Call Us For a Free Consultation. At Cell Instruments, we\u2019re committed to providing you with the best solutions for your softgel testing needs. Whether you have questions about our products, need technical support, or want to discuss your testing requirements, our team is here to assist you. Our Location [&hellip;]\" \/>\n<meta property=\"og:url\" content=\"https:\/\/www.softgeltest.com\/gl\/contact\/\" \/>\n<meta property=\"og:site_name\" content=\"Softgel Test\" \/>\n<meta property=\"article:modified_time\" content=\"2025-01-21T05:35:37+00:00\" \/>\n<meta name=\"twitter:card\" content=\"summary_large_image\" \/>\n<meta name=\"twitter:label1\" content=\"Tempo de lectura\" \/>\n\t<meta name=\"twitter:data1\" content=\"1 minuto\" \/>\n<script type=\"application\/ld+json\" class=\"yoast-schema-graph\">{\"@context\":\"https:\/\/schema.org\",\"@graph\":[{\"@type\":\"WebPage\",\"@id\":\"https:\/\/www.softgeltest.com\/contact\",\"url\":\"https:\/\/www.softgeltest.com\/contact\",\"name\":\"Contact Us - Softgel Test\",\"isPartOf\":{\"@id\":\"https:\/\/www.softgeltest.com\/#website\"},\"datePublished\":\"2025-01-08T00:50:23+00:00\",\"dateModified\":\"2025-01-21T05:35:37+00:00\",\"breadcrumb\":{\"@id\":\"https:\/\/www.softgeltest.com\/contact#breadcrumb\"},\"inLanguage\":\"gl-ES\",\"potentialAction\":[{\"@type\":\"ReadAction\",\"target\":[\"https:\/\/www.softgeltest.com\/contact\"]}]},{\"@type\":\"BreadcrumbList\",\"@id\":\"https:\/\/www.softgeltest.com\/contact#breadcrumb\",\"itemListElement\":[{\"@type\":\"ListItem\",\"position\":1,\"name\":\"Home\",\"item\":\"https:\/\/www.softgeltest.com\/\"},{\"@type\":\"ListItem\",\"position\":2,\"name\":\"Contact Us\"}]},{\"@type\":\"WebSite\",\"@id\":\"https:\/\/www.softgeltest.com\/#website\",\"url\":\"https:\/\/www.softgeltest.com\/\",\"name\":\"Softgel Test\",\"description\":\"Professional Softgel Test Solutions\",\"publisher\":{\"@id\":\"https:\/\/www.softgeltest.com\/#organization\"},\"potentialAction\":[{\"@type\":\"SearchAction\",\"target\":{\"@type\":\"EntryPoint\",\"urlTemplate\":\"https:\/\/www.softgeltest.com\/?s={search_term_string}\"},\"query-input\":{\"@type\":\"PropertyValueSpecification\",\"valueRequired\":true,\"valueName\":\"search_term_string\"}}],\"inLanguage\":\"gl-ES\"},{\"@type\":\"Organization\",\"@id\":\"https:\/\/www.softgeltest.com\/#organization\",\"name\":\"Softgel Test\",\"url\":\"https:\/\/www.softgeltest.com\/\",\"logo\":{\"@type\":\"ImageObject\",\"inLanguage\":\"gl-ES\",\"@id\":\"https:\/\/www.softgeltest.com\/#\/schema\/logo\/image\/\",\"url\":\"https:\/\/www.softgeltest.com\/wp-content\/uploads\/2025\/01\/Softgel-Test-Logo.webp\",\"contentUrl\":\"https:\/\/www.softgeltest.com\/wp-content\/uploads\/2025\/01\/Softgel-Test-Logo.webp\",\"width\":836,\"height\":238,\"caption\":\"Softgel Test\"},\"image\":{\"@id\":\"https:\/\/www.softgeltest.com\/#\/schema\/logo\/image\/\"}}]}<\/script>\n<!-- \/ Yoast SEO plugin. -->","yoast_head_json":{"title":"Contact Us - Softgel Test","robots":{"index":"index","follow":"follow","max-snippet":"max-snippet:-1","max-image-preview":"max-image-preview:large","max-video-preview":"max-video-preview:-1"},"canonical":"https:\/\/www.softgeltest.com\/gl\/contact\/","og_locale":"gl_ES","og_type":"article","og_title":"Contact Us - Softgel Test","og_description":"We Are Here to Help You! Call Us For a Free Consultation. At Cell Instruments, we\u2019re committed to providing you with the best solutions for your softgel testing needs. Whether you have questions about our products, need technical support, or want to discuss your testing requirements, our team is here to assist you. Our Location [&hellip;]","og_url":"https:\/\/www.softgeltest.com\/gl\/contact\/","og_site_name":"Softgel Test","article_modified_time":"2025-01-21T05:35:37+00:00","twitter_card":"summary_large_image","twitter_misc":{"Tempo de lectura":"1 minuto"},"schema":{"@context":"https:\/\/schema.org","@graph":[{"@type":"WebPage","@id":"https:\/\/www.softgeltest.com\/contact","url":"https:\/\/www.softgeltest.com\/contact","name":"Contact Us - Softgel Test","isPartOf":{"@id":"https:\/\/www.softgeltest.com\/#website"},"datePublished":"2025-01-08T00:50:23+00:00","dateModified":"2025-01-21T05:35:37+00:00","breadcrumb":{"@id":"https:\/\/www.softgeltest.com\/contact#breadcrumb"},"inLanguage":"gl-ES","potentialAction":[{"@type":"ReadAction","target":["https:\/\/www.softgeltest.com\/contact"]}]},{"@type":"BreadcrumbList","@id":"https:\/\/www.softgeltest.com\/contact#breadcrumb","itemListElement":[{"@type":"ListItem","position":1,"name":"Home","item":"https:\/\/www.softgeltest.com\/"},{"@type":"ListItem","position":2,"name":"Contact Us"}]},{"@type":"WebSite","@id":"https:\/\/www.softgeltest.com\/#website","url":"https:\/\/www.softgeltest.com\/","name":"Softgel Test","description":"Professional Softgel Test Solutions","publisher":{"@id":"https:\/\/www.softgeltest.com\/#organization"},"potentialAction":[{"@type":"SearchAction","target":{"@type":"EntryPoint","urlTemplate":"https:\/\/www.softgeltest.com\/?s={search_term_string}"},"query-input":{"@type":"PropertyValueSpecification","valueRequired":true,"valueName":"search_term_string"}}],"inLanguage":"gl-ES"},{"@type":"Organization","@id":"https:\/\/www.softgeltest.com\/#organization","name":"Softgel Test","url":"https:\/\/www.softgeltest.com\/","logo":{"@type":"ImageObject","inLanguage":"gl-ES","@id":"https:\/\/www.softgeltest.com\/#\/schema\/logo\/image\/","url":"https:\/\/www.softgeltest.com\/wp-content\/uploads\/2025\/01\/Softgel-Test-Logo.webp","contentUrl":"https:\/\/www.softgeltest.com\/wp-content\/uploads\/2025\/01\/Softgel-Test-Logo.webp","width":836,"height":238,"caption":"Softgel Test"},"image":{"@id":"https:\/\/www.softgeltest.com\/#\/schema\/logo\/image\/"}}]}},"_links":{"self":[{"href":"https:\/\/www.softgeltest.com\/gl\/wp-json\/wp\/v2\/pages\/18","targetHints":{"allow":["GET"]}}],"collection":[{"href":"https:\/\/www.softgeltest.com\/gl\/wp-json\/wp\/v2\/pages"}],"about":[{"href":"https:\/\/www.softgeltest.com\/gl\/wp-json\/wp\/v2\/types\/page"}],"author":[{"embeddable":true,"href":"https:\/\/www.softgeltest.com\/gl\/wp-json\/wp\/v2\/users\/1"}],"replies":[{"embeddable":true,"href":"https:\/\/www.softgeltest.com\/gl\/wp-json\/wp\/v2\/comments?post=18"}],"version-history":[{"count":5,"href":"https:\/\/www.softgeltest.com\/gl\/wp-json\/wp\/v2\/pages\/18\/revisions"}],"predecessor-version":[{"id":275,"href":"https:\/\/www.softgeltest.com\/gl\/wp-json\/wp\/v2\/pages\/18\/revisions\/275"}],"wp:attachment":[{"href":"https:\/\/www.softgeltest.com\/gl\/wp-json\/wp\/v2\/media?parent=18"}],"curies":[{"name":"wp","href":"https:\/\/api.w.org\/{rel}","templated":true}]}}