{"id":18,"date":"2025-01-08T00:50:23","date_gmt":"2025-01-08T00:50:23","guid":{"rendered":"https:\/\/www.softgeltest.com\/?page_id=18"},"modified":"2025-01-21T05:35:37","modified_gmt":"2025-01-21T05:35:37","slug":"contact","status":"publish","type":"page","link":"https:\/\/www.softgeltest.com\/az\/contact","title":{"rendered":"Biziml\u0259 \u0259laq\u0259 saxlay\u0131n"},"content":{"rendered":"<div data-elementor-type=\"wp-page\" data-elementor-id=\"18\" class=\"elementor elementor-18\" data-elementor-post-type=\"page\">\n\t\t\t\t<div class=\"elementor-element elementor-element-687a89c3 e-con-full e-flex e-con e-parent\" data-id=\"687a89c3\" data-element_type=\"container\" data-settings=\"{&quot;background_background&quot;:&quot;classic&quot;}\">\n\t\t<div class=\"elementor-element elementor-element-5d406b18 e-con-full e-flex e-con e-child\" data-id=\"5d406b18\" data-element_type=\"container\" data-settings=\"{&quot;background_background&quot;:&quot;classic&quot;}\">\n\t\t<div class=\"elementor-element elementor-element-acb4f3c e-con-full e-flex e-con e-child\" data-id=\"acb4f3c\" data-element_type=\"container\">\n\t\t\t\t<div class=\"elementor-element elementor-element-2efefc50 elementor-widget elementor-widget-heading\" data-id=\"2efefc50\" data-element_type=\"widget\" data-widget_type=\"heading.default\">\n\t\t\t\t<div class=\"elementor-widget-container\">\n\t\t\t\t\t<h1 class=\"elementor-heading-title elementor-size-default\">Biz siz\u0259 k\u00f6m\u0259k etm\u0259k \u00fc\u00e7\u00fcn buraday\u0131q! Pulsuz Konsultasiya \u00dc\u00e7\u00fcn Biz\u0259 Z\u0259ng Edin.<\/h1>\t\t\t\t<\/div>\n\t\t\t\t<\/div>\n\t\t\t\t<div class=\"elementor-element elementor-element-77bb5548 elementor-widget__width-initial elementor-invisible elementor-widget elementor-widget-text-editor\" data-id=\"77bb5548\" data-element_type=\"widget\" data-settings=\"{&quot;_animation&quot;:&quot;fadeInDown&quot;}\" data-widget_type=\"text-editor.default\">\n\t\t\t\t<div class=\"elementor-widget-container\">\n\t\t\t\t\t\t\t\t\t<p>Cell Instruments-da biz siz\u0259 softgel test ehtiyaclar\u0131n\u0131z \u00fc\u00e7\u00fcn \u0259n yax\u015f\u0131 h\u0259ll\u0259ri t\u0259qdim etm\u0259y\u0259 sadiqik. M\u0259hsullar\u0131m\u0131z haqq\u0131nda suallar\u0131n\u0131z varsa, texniki d\u0259st\u0259y\u0259 ehtiyac\u0131n\u0131z varsa v\u0259 ya s\u0131naq t\u0259l\u0259bl\u0259rinizi m\u00fczakir\u0259 etm\u0259k ist\u0259s\u0259niz, komandam\u0131z siz\u0259 k\u00f6m\u0259k etm\u0259k \u00fc\u00e7\u00fcn buradad\u0131r.<\/p>\t\t\t\t\t\t\t\t<\/div>\n\t\t\t\t<\/div>\n\t\t\t\t<\/div>\n\t\t<div class=\"elementor-element elementor-element-1b956c00 e-con-full e-flex e-con e-child\" data-id=\"1b956c00\" data-element_type=\"container\">\n\t\t\t\t<div class=\"elementor-element elementor-element-625bdaf6 elementor-widget__width-initial elementor-widget-mobile__width-inherit elementor-widget elementor-widget-icon-box\" data-id=\"625bdaf6\" data-element_type=\"widget\" data-widget_type=\"icon-box.default\">\n\t\t\t\t<div class=\"elementor-widget-container\">\n\t\t\t\t\t\t\t<div class=\"elementor-icon-box-wrapper\">\n\n\t\t\t\n\t\t\t\t\t\t<div class=\"elementor-icon-box-content\">\n\n\t\t\t\t\t\t\t\t\t<h3 class=\"elementor-icon-box-title\">\n\t\t\t\t\t\t<span  >\n\t\t\t\t\t\t\tM\u0259kan\u0131m\u0131z\t\t\t\t\t\t<\/span>\n\t\t\t\t\t<\/h3>\n\t\t\t\t\n\t\t\t\t\t\t\t\t\t<p class=\"elementor-icon-box-description\">\n\t\t\t\t\t\t\u2116 5577, Gongyebei Rd. <br>Jinan 250109, \u00c7in\t\t\t\t\t<\/p>\n\t\t\t\t\n\t\t\t<\/div>\n\t\t\t\n\t\t<\/div>\n\t\t\t\t\t\t<\/div>\n\t\t\t\t<\/div>\n\t\t\t\t<div class=\"elementor-element elementor-element-7f714bb2 elementor-widget__width-initial elementor-widget-mobile__width-inherit elementor-widget elementor-widget-icon-box\" data-id=\"7f714bb2\" data-element_type=\"widget\" data-widget_type=\"icon-box.default\">\n\t\t\t\t<div class=\"elementor-widget-container\">\n\t\t\t\t\t\t\t<div class=\"elementor-icon-box-wrapper\">\n\n\t\t\t\n\t\t\t\t\t\t<div class=\"elementor-icon-box-content\">\n\n\t\t\t\t\t\t\t\t\t<h3 class=\"elementor-icon-box-title\">\n\t\t\t\t\t\t<span  >\n\t\t\t\t\t\t\t\u018flaq\u0259 Saxlay\u0131n\t\t\t\t\t\t<\/span>\n\t\t\t\t\t<\/h3>\n\t\t\t\t\n\t\t\t\t\t\t\t\t\t<p class=\"elementor-icon-box-description\">\n\t\t\t\t\t\t+86 18560013985 yang@softgeltest.com<br>marketing@celtec.cn\t\t\t\t\t<\/p>\n\t\t\t\t\n\t\t\t<\/div>\n\t\t\t\n\t\t<\/div>\n\t\t\t\t\t\t<\/div>\n\t\t\t\t<\/div>\n\t\t\t\t<div class=\"elementor-element elementor-element-12f7b6f3 elementor-widget__width-initial elementor-widget-mobile__width-inherit elementor-widget elementor-widget-icon-box\" data-id=\"12f7b6f3\" data-element_type=\"widget\" data-widget_type=\"icon-box.default\">\n\t\t\t\t<div class=\"elementor-widget-container\">\n\t\t\t\t\t\t\t<div class=\"elementor-icon-box-wrapper\">\n\n\t\t\t\n\t\t\t\t\t\t<div class=\"elementor-icon-box-content\">\n\n\t\t\t\t\t\t\t\t\t<h3 class=\"elementor-icon-box-title\">\n\t\t\t\t\t\t<span  >\n\t\t\t\t\t\t\tA\u00e7\u0131l\u0131\u015f saatlar\u0131\t\t\t\t\t\t<\/span>\n\t\t\t\t\t<\/h3>\n\t\t\t\t\n\t\t\t\t\t\t\t\t\t<p class=\"elementor-icon-box-description\">\n\t\t\t\t\t\tBazar-\u015e\u0259nb\u0259: 8:00 - 17:00 D\u0259st\u0259k: 365*24*7\t\t\t\t\t<\/p>\n\t\t\t\t\n\t\t\t<\/div>\n\t\t\t\n\t\t<\/div>\n\t\t\t\t\t\t<\/div>\n\t\t\t\t<\/div>\n\t\t\t\t<\/div>\n\t\t\t\t<\/div>\n\t\t<div class=\"elementor-element elementor-element-2aca51fb e-con-full e-flex e-con e-child\" data-id=\"2aca51fb\" data-element_type=\"container\" data-settings=\"{&quot;background_background&quot;:&quot;classic&quot;}\">\n\t\t\t\t<\/div>\n\t\t\t\t<\/div>\n\t\t<div class=\"elementor-element elementor-element-609f1acf e-con-full e-flex e-con e-parent\" data-id=\"609f1acf\" data-element_type=\"container\">\n\t\t<div class=\"elementor-element elementor-element-399b1a02 e-con-full e-flex e-con e-child\" data-id=\"399b1a02\" data-element_type=\"container\" data-settings=\"{&quot;background_background&quot;:&quot;classic&quot;}\">\n\t\t\t\t<\/div>\n\t\t<div class=\"elementor-element elementor-element-f5918fc e-con-full e-flex e-con e-child\" data-id=\"f5918fc\" data-element_type=\"container\">\n\t\t\t\t<div class=\"elementor-element elementor-element-b93346b elementor-widget elementor-widget-heading\" data-id=\"b93346b\" data-element_type=\"widget\" data-widget_type=\"heading.default\">\n\t\t\t\t<div class=\"elementor-widget-container\">\n\t\t\t\t\t<span class=\"elementor-heading-title elementor-size-default\">bizi ziyar\u0259t edin<\/span>\t\t\t\t<\/div>\n\t\t\t\t<\/div>\n\t\t<div class=\"elementor-element elementor-element-75a69aad e-con-full e-flex e-con e-child\" data-id=\"75a69aad\" data-element_type=\"container\">\n\t\t\t\t<div class=\"elementor-element elementor-element-94b6341 elementor-widget elementor-widget-heading\" data-id=\"94b6341\" data-element_type=\"widget\" data-widget_type=\"heading.default\">\n\t\t\t\t<div class=\"elementor-widget-container\">\n\t\t\t\t\t<h2 class=\"elementor-heading-title elementor-size-default\">Biz \u00c7inin Jinan \u015f\u0259h\u0259rind\u0259 yerl\u0259\u015firik. G\u0259lin v\u0259 bizi ziyar\u0259t edin!\n<\/h2>\t\t\t\t<\/div>\n\t\t\t\t<\/div>\n\t\t\t\t<div class=\"elementor-element elementor-element-24aeecaf elementor-widget elementor-widget-text-editor\" data-id=\"24aeecaf\" data-element_type=\"widget\" data-widget_type=\"text-editor.default\">\n\t\t\t\t<div class=\"elementor-widget-container\">\n\t\t\t\t\t\t\t\t\t<p>Bizi ziyar\u0259t edin v\u0259 h\u0259ll\u0259rimizl\u0259 birinci \u0259ld\u0259n tan\u0131\u015f olun! Komandam\u0131z siz\u0259 obyektl\u0259rimiz\u0259 f\u0259rdi tur ke\u00e7irm\u0259kd\u0259n v\u0259 softgel test ehtiyaclar\u0131n\u0131z\u0131 nec\u0259 qar\u015f\u0131laya bil\u0259c\u0259yimizi m\u00fczakir\u0259 etm\u0259kd\u0259n m\u0259mnun olacaq.<\/p>\t\t\t\t\t\t\t\t<\/div>\n\t\t\t\t<\/div>\n\t\t\t\t<\/div>\n\t\t\t\t<\/div>\n\t\t\t\t<\/div>\n\t\t\t\t<\/div>","protected":false},"excerpt":{"rendered":"<p>Biz siz\u0259 k\u00f6m\u0259k etm\u0259k \u00fc\u00e7\u00fcn buraday\u0131q! Pulsuz Konsultasiya \u00dc\u00e7\u00fcn Biz\u0259 Z\u0259ng Edin. Cell Instruments-da biz siz\u0259 softgel test ehtiyaclar\u0131n\u0131z \u00fc\u00e7\u00fcn \u0259n yax\u015f\u0131 h\u0259ll\u0259ri t\u0259qdim etm\u0259y\u0259 sadiqik. M\u0259hsullar\u0131m\u0131z haqq\u0131nda suallar\u0131n\u0131z varsa, texniki d\u0259st\u0259y\u0259 ehtiyac\u0131n\u0131z varsa v\u0259 ya s\u0131naq t\u0259l\u0259bl\u0259rinizi m\u00fczakir\u0259 etm\u0259k ist\u0259s\u0259niz, komandam\u0131z siz\u0259 k\u00f6m\u0259k etm\u0259k \u00fc\u00e7\u00fcn buradad\u0131r. M\u0259kan\u0131m\u0131z [\u2026]<\/p>","protected":false},"author":1,"featured_media":0,"parent":0,"menu_order":0,"comment_status":"closed","ping_status":"closed","template":"elementor_header_footer","meta":{"footnotes":""},"class_list":["post-18","page","type-page","status-publish","hentry"],"yoast_head":"<!-- This site is optimized with the Yoast SEO plugin v24.2 - https:\/\/yoast.com\/wordpress\/plugins\/seo\/ -->\n<title>Contact Us - Softgel Test<\/title>\n<meta name=\"robots\" content=\"index, follow, max-snippet:-1, max-image-preview:large, max-video-preview:-1\" \/>\n<link rel=\"canonical\" href=\"https:\/\/www.softgeltest.com\/az\/contact\/\" \/>\n<meta property=\"og:locale\" content=\"az_AZ\" \/>\n<meta property=\"og:type\" content=\"article\" \/>\n<meta property=\"og:title\" content=\"Contact Us - Softgel Test\" \/>\n<meta property=\"og:description\" content=\"We Are Here to Help You! Call Us For a Free Consultation. At Cell Instruments, we\u2019re committed to providing you with the best solutions for your softgel testing needs. Whether you have questions about our products, need technical support, or want to discuss your testing requirements, our team is here to assist you. Our Location [&hellip;]\" \/>\n<meta property=\"og:url\" content=\"https:\/\/www.softgeltest.com\/az\/contact\/\" \/>\n<meta property=\"og:site_name\" content=\"Softgel Test\" \/>\n<meta property=\"article:modified_time\" content=\"2025-01-21T05:35:37+00:00\" \/>\n<meta name=\"twitter:card\" content=\"summary_large_image\" \/>\n<meta name=\"twitter:label1\" content=\"Est. reading time\" \/>\n\t<meta name=\"twitter:data1\" content=\"1 minute\" \/>\n<script type=\"application\/ld+json\" class=\"yoast-schema-graph\">{\"@context\":\"https:\/\/schema.org\",\"@graph\":[{\"@type\":\"WebPage\",\"@id\":\"https:\/\/www.softgeltest.com\/contact\",\"url\":\"https:\/\/www.softgeltest.com\/contact\",\"name\":\"Contact Us - Softgel Test\",\"isPartOf\":{\"@id\":\"https:\/\/www.softgeltest.com\/#website\"},\"datePublished\":\"2025-01-08T00:50:23+00:00\",\"dateModified\":\"2025-01-21T05:35:37+00:00\",\"breadcrumb\":{\"@id\":\"https:\/\/www.softgeltest.com\/contact#breadcrumb\"},\"inLanguage\":\"az\",\"potentialAction\":[{\"@type\":\"ReadAction\",\"target\":[\"https:\/\/www.softgeltest.com\/contact\"]}]},{\"@type\":\"BreadcrumbList\",\"@id\":\"https:\/\/www.softgeltest.com\/contact#breadcrumb\",\"itemListElement\":[{\"@type\":\"ListItem\",\"position\":1,\"name\":\"Home\",\"item\":\"https:\/\/www.softgeltest.com\/\"},{\"@type\":\"ListItem\",\"position\":2,\"name\":\"Contact Us\"}]},{\"@type\":\"WebSite\",\"@id\":\"https:\/\/www.softgeltest.com\/#website\",\"url\":\"https:\/\/www.softgeltest.com\/\",\"name\":\"Softgel Test\",\"description\":\"Professional Softgel Test Solutions\",\"publisher\":{\"@id\":\"https:\/\/www.softgeltest.com\/#organization\"},\"potentialAction\":[{\"@type\":\"SearchAction\",\"target\":{\"@type\":\"EntryPoint\",\"urlTemplate\":\"https:\/\/www.softgeltest.com\/?s={search_term_string}\"},\"query-input\":{\"@type\":\"PropertyValueSpecification\",\"valueRequired\":true,\"valueName\":\"search_term_string\"}}],\"inLanguage\":\"az\"},{\"@type\":\"Organization\",\"@id\":\"https:\/\/www.softgeltest.com\/#organization\",\"name\":\"Softgel Test\",\"url\":\"https:\/\/www.softgeltest.com\/\",\"logo\":{\"@type\":\"ImageObject\",\"inLanguage\":\"az\",\"@id\":\"https:\/\/www.softgeltest.com\/#\/schema\/logo\/image\/\",\"url\":\"https:\/\/www.softgeltest.com\/wp-content\/uploads\/2025\/01\/Softgel-Test-Logo.webp\",\"contentUrl\":\"https:\/\/www.softgeltest.com\/wp-content\/uploads\/2025\/01\/Softgel-Test-Logo.webp\",\"width\":836,\"height\":238,\"caption\":\"Softgel Test\"},\"image\":{\"@id\":\"https:\/\/www.softgeltest.com\/#\/schema\/logo\/image\/\"}}]}<\/script>\n<!-- \/ Yoast SEO plugin. -->","yoast_head_json":{"title":"Contact Us - Softgel Test","robots":{"index":"index","follow":"follow","max-snippet":"max-snippet:-1","max-image-preview":"max-image-preview:large","max-video-preview":"max-video-preview:-1"},"canonical":"https:\/\/www.softgeltest.com\/az\/contact\/","og_locale":"az_AZ","og_type":"article","og_title":"Contact Us - Softgel Test","og_description":"We Are Here to Help You! Call Us For a Free Consultation. At Cell Instruments, we\u2019re committed to providing you with the best solutions for your softgel testing needs. Whether you have questions about our products, need technical support, or want to discuss your testing requirements, our team is here to assist you. Our Location [&hellip;]","og_url":"https:\/\/www.softgeltest.com\/az\/contact\/","og_site_name":"Softgel Test","article_modified_time":"2025-01-21T05:35:37+00:00","twitter_card":"summary_large_image","twitter_misc":{"Est. reading time":"1 minute"},"schema":{"@context":"https:\/\/schema.org","@graph":[{"@type":"WebPage","@id":"https:\/\/www.softgeltest.com\/contact","url":"https:\/\/www.softgeltest.com\/contact","name":"Contact Us - Softgel Test","isPartOf":{"@id":"https:\/\/www.softgeltest.com\/#website"},"datePublished":"2025-01-08T00:50:23+00:00","dateModified":"2025-01-21T05:35:37+00:00","breadcrumb":{"@id":"https:\/\/www.softgeltest.com\/contact#breadcrumb"},"inLanguage":"az","potentialAction":[{"@type":"ReadAction","target":["https:\/\/www.softgeltest.com\/contact"]}]},{"@type":"BreadcrumbList","@id":"https:\/\/www.softgeltest.com\/contact#breadcrumb","itemListElement":[{"@type":"ListItem","position":1,"name":"Home","item":"https:\/\/www.softgeltest.com\/"},{"@type":"ListItem","position":2,"name":"Contact Us"}]},{"@type":"WebSite","@id":"https:\/\/www.softgeltest.com\/#website","url":"https:\/\/www.softgeltest.com\/","name":"Softgel Test","description":"Professional Softgel Test Solutions","publisher":{"@id":"https:\/\/www.softgeltest.com\/#organization"},"potentialAction":[{"@type":"SearchAction","target":{"@type":"EntryPoint","urlTemplate":"https:\/\/www.softgeltest.com\/?s={search_term_string}"},"query-input":{"@type":"PropertyValueSpecification","valueRequired":true,"valueName":"search_term_string"}}],"inLanguage":"az"},{"@type":"Organization","@id":"https:\/\/www.softgeltest.com\/#organization","name":"Softgel Test","url":"https:\/\/www.softgeltest.com\/","logo":{"@type":"ImageObject","inLanguage":"az","@id":"https:\/\/www.softgeltest.com\/#\/schema\/logo\/image\/","url":"https:\/\/www.softgeltest.com\/wp-content\/uploads\/2025\/01\/Softgel-Test-Logo.webp","contentUrl":"https:\/\/www.softgeltest.com\/wp-content\/uploads\/2025\/01\/Softgel-Test-Logo.webp","width":836,"height":238,"caption":"Softgel Test"},"image":{"@id":"https:\/\/www.softgeltest.com\/#\/schema\/logo\/image\/"}}]}},"_links":{"self":[{"href":"https:\/\/www.softgeltest.com\/az\/wp-json\/wp\/v2\/pages\/18","targetHints":{"allow":["GET"]}}],"collection":[{"href":"https:\/\/www.softgeltest.com\/az\/wp-json\/wp\/v2\/pages"}],"about":[{"href":"https:\/\/www.softgeltest.com\/az\/wp-json\/wp\/v2\/types\/page"}],"author":[{"embeddable":true,"href":"https:\/\/www.softgeltest.com\/az\/wp-json\/wp\/v2\/users\/1"}],"replies":[{"embeddable":true,"href":"https:\/\/www.softgeltest.com\/az\/wp-json\/wp\/v2\/comments?post=18"}],"version-history":[{"count":5,"href":"https:\/\/www.softgeltest.com\/az\/wp-json\/wp\/v2\/pages\/18\/revisions"}],"predecessor-version":[{"id":275,"href":"https:\/\/www.softgeltest.com\/az\/wp-json\/wp\/v2\/pages\/18\/revisions\/275"}],"wp:attachment":[{"href":"https:\/\/www.softgeltest.com\/az\/wp-json\/wp\/v2\/media?parent=18"}],"curies":[{"name":"wp","href":"https:\/\/api.w.org\/{rel}","templated":true}]}}